{"id":852,"date":"2017-12-08T22:51:35","date_gmt":"2017-12-08T21:51:35","guid":{"rendered":"https:\/\/excelencia-org.com\/web\/\/?page_id=852"},"modified":"2018-01-08T02:37:50","modified_gmt":"2018-01-08T01:37:50","slug":"sola-scriptura","status":"publish","type":"page","link":"https:\/\/excelencia-org.com\/web\/sola-scriptura\/","title":{"rendered":"SOLA SCRIPTURA"},"content":{"rendered":"<div id=\"td_uid_1_69f2d546459cd\" class=\"tdc-row\"><div class=\"vc_row td_uid_1_69f2d546459d4_rand  wpb_row td-pb-row\" ><div class=\"vc_column td_uid_2_69f2d54645a81_rand  wpb_column vc_column_container td-pb-span12\"><div class=\"wpb_wrapper\"><div class=\"td_block_wrap td_block_text_with_title td_uid_3_69f2d546498b9_rand td-pb-border-top td_block_template_1\"  data-td-block-uid=\"td_uid_3_69f2d546498b9\" ><div class=\"td_mod_wrap td-pb-padding-side\"><h1 style=\"text-align: center;\"><span style=\"color: #800080;\"><strong>SOLA SCRIPTURA<\/strong><\/span><\/h1><p><img loading=\"lazy\" decoding=\"async\" class=\"aligncenter wp-image-1322 size-large\" src=\"https:\/\/excelencia-org.com\/web\/\/wp-content\/uploads\/2018\/01\/SOLASCRIPTURA-1024x538.jpg\" alt=\"\" width=\"1024\" height=\"538\" srcset=\"https:\/\/excelencia-org.com\/web\/wp-content\/uploads\/2018\/01\/SOLASCRIPTURA-1024x538.jpg 1024w, https:\/\/excelencia-org.com\/web\/wp-content\/uploads\/2018\/01\/SOLASCRIPTURA-300x158.jpg 300w, https:\/\/excelencia-org.com\/web\/wp-content\/uploads\/2018\/01\/SOLASCRIPTURA-768x404.jpg 768w, https:\/\/excelencia-org.com\/web\/wp-content\/uploads\/2018\/01\/SOLASCRIPTURA-799x420.jpg 799w, https:\/\/excelencia-org.com\/web\/wp-content\/uploads\/2018\/01\/SOLASCRIPTURA-640x337.jpg 640w, https:\/\/excelencia-org.com\/web\/wp-content\/uploads\/2018\/01\/SOLASCRIPTURA-681x358.jpg 681w, https:\/\/excelencia-org.com\/web\/wp-content\/uploads\/2018\/01\/SOLASCRIPTURA.jpg 1280w\" sizes=\"auto, (max-width: 1024px) 100vw, 1024px\" \/><\/p><hr \/><p><strong><span style=\"color: #800080;\">\u00ab<\/span><span style=\"color: #ffcc00;\">Mon peuple p\u00e9rit, parce qu\u2019il lui manque la connaissance. Puisque tu as rejet\u00e9 la connaissance, Je te rejetterai, et tu seras d\u00e9pouill\u00e9 de mon sacerdoce; Puisque tu as oubli\u00e9 la loi de ton Dieu, j\u2019oublierai aussi tes enfants\u00a0<\/span><span style=\"color: #800080;\">\u00bb.<\/span> Os\u00e9e 4:6 <\/strong><\/p><p><strong><span style=\"color: #800080;\">\u00ab<span style=\"color: #ffcc00;\">Ta parole est une lampe \u00e0 mes pieds, Et une lumi\u00e8re sur mon sentier<\/span>\u00bb<\/span> Psaumes 119:105 <\/strong><\/p><p><span style=\"color: #800080;\"><strong>Ce programme consiste \u00e0 organiser des rassemblements d\u2019\u00e9dification, de restauration et de gu\u00e9rison par la parole de Dieu. C\u2019est la plateforme d\u00e9di\u00e9e aux \u00e9minents hommes de Dieu du Corps de Christ \u00e0 l\u2019effet d\u2019enseigner et proclamer les oracles de Dieu.<\/strong><\/span><\/p><\/div><\/div><\/div><\/div><\/div><\/div>","protected":false},"excerpt":{"rendered":"","protected":false},"author":1,"featured_media":0,"parent":0,"menu_order":0,"comment_status":"closed","ping_status":"closed","template":"","meta":{"footnotes":""},"class_list":["post-852","page","type-page","status-publish","hentry"],"yoast_head":"<!-- This site is optimized with the Yoast SEO plugin v25.1 - https:\/\/yoast.com\/wordpress\/plugins\/seo\/ -->\n<title>SOLA SCRIPTURA - ONG EXCELENCIA<\/title>\n<meta name=\"robots\" content=\"index, follow, max-snippet:-1, max-image-preview:large, max-video-preview:-1\" \/>\n<link rel=\"canonical\" href=\"https:\/\/excelencia-org.com\/web\/sola-scriptura\/\" \/>\n<meta property=\"og:locale\" content=\"fr_FR\" \/>\n<meta property=\"og:type\" content=\"article\" \/>\n<meta property=\"og:title\" content=\"SOLA SCRIPTURA - ONG EXCELENCIA\" \/>\n<meta property=\"og:url\" content=\"https:\/\/excelencia-org.com\/web\/sola-scriptura\/\" \/>\n<meta property=\"og:site_name\" content=\"ONG EXCELENCIA\" \/>\n<meta property=\"article:publisher\" content=\"https:\/\/web.facebook.com\/EXCELENCIAONG?ref=br_rs\" \/>\n<meta property=\"article:modified_time\" content=\"2018-01-08T01:37:50+00:00\" \/>\n<meta property=\"og:image\" content=\"https:\/\/excelencia-org.com\/web\/\/wp-content\/uploads\/2018\/01\/SOLASCRIPTURA-1024x538.jpg\" \/>\n<meta name=\"twitter:card\" content=\"summary_large_image\" \/>\n<meta name=\"twitter:site\" content=\"@ongexcelencia\" \/>\n<meta name=\"twitter:label1\" content=\"Dur\u00e9e de lecture estim\u00e9e\" \/>\n\t<meta name=\"twitter:data1\" content=\"1 minute\" \/>\n<script type=\"application\/ld+json\" class=\"yoast-schema-graph\">{\"@context\":\"https:\/\/schema.org\",\"@graph\":[{\"@type\":\"WebPage\",\"@id\":\"https:\/\/excelencia-org.com\/web\/sola-scriptura\/\",\"url\":\"https:\/\/excelencia-org.com\/web\/sola-scriptura\/\",\"name\":\"SOLA SCRIPTURA - ONG EXCELENCIA\",\"isPartOf\":{\"@id\":\"https:\/\/excelencia-org.com\/web\/#website\"},\"primaryImageOfPage\":{\"@id\":\"https:\/\/excelencia-org.com\/web\/sola-scriptura\/#primaryimage\"},\"image\":{\"@id\":\"https:\/\/excelencia-org.com\/web\/sola-scriptura\/#primaryimage\"},\"thumbnailUrl\":\"https:\/\/excelencia-org.com\/web\/\/wp-content\/uploads\/2018\/01\/SOLASCRIPTURA-1024x538.jpg\",\"datePublished\":\"2017-12-08T21:51:35+00:00\",\"dateModified\":\"2018-01-08T01:37:50+00:00\",\"breadcrumb\":{\"@id\":\"https:\/\/excelencia-org.com\/web\/sola-scriptura\/#breadcrumb\"},\"inLanguage\":\"fr-FR\",\"potentialAction\":[{\"@type\":\"ReadAction\",\"target\":[\"https:\/\/excelencia-org.com\/web\/sola-scriptura\/\"]}]},{\"@type\":\"ImageObject\",\"inLanguage\":\"fr-FR\",\"@id\":\"https:\/\/excelencia-org.com\/web\/sola-scriptura\/#primaryimage\",\"url\":\"https:\/\/excelencia-org.com\/web\/\/wp-content\/uploads\/2018\/01\/SOLASCRIPTURA-1024x538.jpg\",\"contentUrl\":\"https:\/\/excelencia-org.com\/web\/\/wp-content\/uploads\/2018\/01\/SOLASCRIPTURA-1024x538.jpg\"},{\"@type\":\"BreadcrumbList\",\"@id\":\"https:\/\/excelencia-org.com\/web\/sola-scriptura\/#breadcrumb\",\"itemListElement\":[{\"@type\":\"ListItem\",\"position\":1,\"name\":\"Accueil\",\"item\":\"https:\/\/excelencia-org.com\/web\/\"},{\"@type\":\"ListItem\",\"position\":2,\"name\":\"SOLA SCRIPTURA\"}]},{\"@type\":\"WebSite\",\"@id\":\"https:\/\/excelencia-org.com\/web\/#website\",\"url\":\"https:\/\/excelencia-org.com\/web\/\",\"name\":\"ONG EXCELENCIA\",\"description\":\"Promouvoir l&#039;excellence pour Dieu\",\"potentialAction\":[{\"@type\":\"SearchAction\",\"target\":{\"@type\":\"EntryPoint\",\"urlTemplate\":\"https:\/\/excelencia-org.com\/web\/?s={search_term_string}\"},\"query-input\":{\"@type\":\"PropertyValueSpecification\",\"valueRequired\":true,\"valueName\":\"search_term_string\"}}],\"inLanguage\":\"fr-FR\"}]}<\/script>\n<!-- \/ Yoast SEO plugin. -->","yoast_head_json":{"title":"SOLA SCRIPTURA - ONG EXCELENCIA","robots":{"index":"index","follow":"follow","max-snippet":"max-snippet:-1","max-image-preview":"max-image-preview:large","max-video-preview":"max-video-preview:-1"},"canonical":"https:\/\/excelencia-org.com\/web\/sola-scriptura\/","og_locale":"fr_FR","og_type":"article","og_title":"SOLA SCRIPTURA - ONG EXCELENCIA","og_url":"https:\/\/excelencia-org.com\/web\/sola-scriptura\/","og_site_name":"ONG EXCELENCIA","article_publisher":"https:\/\/web.facebook.com\/EXCELENCIAONG?ref=br_rs","article_modified_time":"2018-01-08T01:37:50+00:00","og_image":[{"url":"https:\/\/excelencia-org.com\/web\/\/wp-content\/uploads\/2018\/01\/SOLASCRIPTURA-1024x538.jpg","type":"","width":"","height":""}],"twitter_card":"summary_large_image","twitter_site":"@ongexcelencia","twitter_misc":{"Dur\u00e9e de lecture estim\u00e9e":"1 minute"},"schema":{"@context":"https:\/\/schema.org","@graph":[{"@type":"WebPage","@id":"https:\/\/excelencia-org.com\/web\/sola-scriptura\/","url":"https:\/\/excelencia-org.com\/web\/sola-scriptura\/","name":"SOLA SCRIPTURA - ONG EXCELENCIA","isPartOf":{"@id":"https:\/\/excelencia-org.com\/web\/#website"},"primaryImageOfPage":{"@id":"https:\/\/excelencia-org.com\/web\/sola-scriptura\/#primaryimage"},"image":{"@id":"https:\/\/excelencia-org.com\/web\/sola-scriptura\/#primaryimage"},"thumbnailUrl":"https:\/\/excelencia-org.com\/web\/\/wp-content\/uploads\/2018\/01\/SOLASCRIPTURA-1024x538.jpg","datePublished":"2017-12-08T21:51:35+00:00","dateModified":"2018-01-08T01:37:50+00:00","breadcrumb":{"@id":"https:\/\/excelencia-org.com\/web\/sola-scriptura\/#breadcrumb"},"inLanguage":"fr-FR","potentialAction":[{"@type":"ReadAction","target":["https:\/\/excelencia-org.com\/web\/sola-scriptura\/"]}]},{"@type":"ImageObject","inLanguage":"fr-FR","@id":"https:\/\/excelencia-org.com\/web\/sola-scriptura\/#primaryimage","url":"https:\/\/excelencia-org.com\/web\/\/wp-content\/uploads\/2018\/01\/SOLASCRIPTURA-1024x538.jpg","contentUrl":"https:\/\/excelencia-org.com\/web\/\/wp-content\/uploads\/2018\/01\/SOLASCRIPTURA-1024x538.jpg"},{"@type":"BreadcrumbList","@id":"https:\/\/excelencia-org.com\/web\/sola-scriptura\/#breadcrumb","itemListElement":[{"@type":"ListItem","position":1,"name":"Accueil","item":"https:\/\/excelencia-org.com\/web\/"},{"@type":"ListItem","position":2,"name":"SOLA SCRIPTURA"}]},{"@type":"WebSite","@id":"https:\/\/excelencia-org.com\/web\/#website","url":"https:\/\/excelencia-org.com\/web\/","name":"ONG EXCELENCIA","description":"Promouvoir l&#039;excellence pour Dieu","potentialAction":[{"@type":"SearchAction","target":{"@type":"EntryPoint","urlTemplate":"https:\/\/excelencia-org.com\/web\/?s={search_term_string}"},"query-input":{"@type":"PropertyValueSpecification","valueRequired":true,"valueName":"search_term_string"}}],"inLanguage":"fr-FR"}]}},"post_mailing_queue_ids":[],"_links":{"self":[{"href":"https:\/\/excelencia-org.com\/web\/wp-json\/wp\/v2\/pages\/852","targetHints":{"allow":["GET"]}}],"collection":[{"href":"https:\/\/excelencia-org.com\/web\/wp-json\/wp\/v2\/pages"}],"about":[{"href":"https:\/\/excelencia-org.com\/web\/wp-json\/wp\/v2\/types\/page"}],"author":[{"embeddable":true,"href":"https:\/\/excelencia-org.com\/web\/wp-json\/wp\/v2\/users\/1"}],"replies":[{"embeddable":true,"href":"https:\/\/excelencia-org.com\/web\/wp-json\/wp\/v2\/comments?post=852"}],"version-history":[{"count":4,"href":"https:\/\/excelencia-org.com\/web\/wp-json\/wp\/v2\/pages\/852\/revisions"}],"predecessor-version":[{"id":1323,"href":"https:\/\/excelencia-org.com\/web\/wp-json\/wp\/v2\/pages\/852\/revisions\/1323"}],"wp:attachment":[{"href":"https:\/\/excelencia-org.com\/web\/wp-json\/wp\/v2\/media?parent=852"}],"curies":[{"name":"wp","href":"https:\/\/api.w.org\/{rel}","templated":true}]}}