{"id":854,"date":"2017-12-08T22:52:38","date_gmt":"2017-12-08T21:52:38","guid":{"rendered":"https:\/\/excelencia-org.com\/web\/\/?page_id=854"},"modified":"2019-05-18T16:50:30","modified_gmt":"2019-05-18T14:50:30","slug":"gis-able","status":"publish","type":"page","link":"https:\/\/excelencia-org.com\/web\/gis-able\/","title":{"rendered":"GIS-ABLE"},"content":{"rendered":"<div id=\"td_uid_1_6a05237f04c55\" class=\"tdc-row\"><div class=\"vc_row td_uid_1_6a05237f04c5a_rand  wpb_row td-pb-row\" ><div class=\"vc_column td_uid_2_6a05237f04d07_rand  wpb_column vc_column_container td-pb-span12\"><div class=\"wpb_wrapper\"><div class=\"td_block_wrap td_block_text_with_title td_uid_3_6a05237f04def_rand td-pb-border-top td_block_template_1\"  data-td-block-uid=\"td_uid_3_6a05237f04def\" ><div class=\"td_mod_wrap td-pb-padding-side\"><h1 style=\"text-align: center;\"><strong><span style=\"color: #800080;\">GIS &#8211; ABLE<\/span><\/strong><\/h1><p><br \/><img loading=\"lazy\" decoding=\"async\" class=\"aligncenter wp-image-1312 size-large\" src=\"https:\/\/excelencia-org.com\/web\/\/wp-content\/uploads\/2018\/01\/prie\u0300re-1024x340.jpg\" alt=\"\" width=\"1024\" height=\"340\" srcset=\"https:\/\/excelencia-org.com\/web\/wp-content\/uploads\/2018\/01\/prie\u0300re-1024x340.jpg 1024w, https:\/\/excelencia-org.com\/web\/wp-content\/uploads\/2018\/01\/prie\u0300re-300x100.jpg 300w, https:\/\/excelencia-org.com\/web\/wp-content\/uploads\/2018\/01\/prie\u0300re-768x255.jpg 768w, https:\/\/excelencia-org.com\/web\/wp-content\/uploads\/2018\/01\/prie\u0300re-1265x420.jpg 1265w, https:\/\/excelencia-org.com\/web\/wp-content\/uploads\/2018\/01\/prie\u0300re-640x213.jpg 640w, https:\/\/excelencia-org.com\/web\/wp-content\/uploads\/2018\/01\/prie\u0300re-681x226.jpg 681w, https:\/\/excelencia-org.com\/web\/wp-content\/uploads\/2018\/01\/prie\u0300re.jpg 1280w\" sizes=\"auto, (max-width: 1024px) 100vw, 1024px\" \/><\/p><p><strong><span style=\"color: #800080;\">\u00ab<\/span><span style=\"color: #ffcc00;\">J\u00e9sus-Christ est le m\u00eame hier, aujourd\u2019hui et \u00e9ternellement<span style=\"color: #800080;\">\u00bb;<\/span> <\/span><\/strong><\/p><p><strong>H\u00e9breux 13:8<span style=\"color: #ffcc00;\"><span style=\"color: #800080;\"> J\u00e9sus a dit<\/span> <span style=\"color: #800080;\">\u00ab<\/span>Voici les miracles qui accompagneront ceux qui auront cru: En mon nom ils chasseront les d\u00e9mons; ils parleront de nouvelles langues; ils saisiront des serpents; s\u2019ils boivent quelque breuvage mortel, il ne leur fera point de mal; ils imposeront les mains aux malades et les malades seront gu\u00e9ris<\/span><span style=\"color: #800080;\">\u00bb.<\/span> Marc 16:17-18<\/strong><\/p><p><span style=\"color: #800080;\"><strong>Dieu op\u00e8re des miracles encore aujourd\u2019hui car J\u00e9sus n\u2019a pas chang\u00e9. <\/strong><\/span><\/p><p><span style=\"color: #800080;\"><strong>Par l\u2019adoration, la pri\u00e8re et l\u2019intercession, Dieu peut apporter la gu\u00e9rison spirituelle, la gu\u00e9rison physique, la d\u00e9livrance, la restauration, l\u2019exaucement\u2026<\/strong><\/span><\/p><p><strong>Matthieu 19:26 <span style=\"color: #800080;\">\u00ab\u00a0<span style=\"color: #ffcc00;\">J\u00e9sus les regarda, et il leur dit : Aux hommes cela est impossible, mais \u00e0 Dieu tout est possible\u00a0\u00bb; Luc 1:37 \u00ab\u00a0Car rien n\u2019est impossible \u00e0 Dieu<\/span><\/span>\u00a0<span style=\"color: #800080;\">\u00bb.<\/span> <\/strong><\/p><\/div><\/div><\/div><\/div><\/div><\/div>","protected":false},"excerpt":{"rendered":"","protected":false},"author":1,"featured_media":0,"parent":0,"menu_order":0,"comment_status":"closed","ping_status":"closed","template":"","meta":{"footnotes":""},"class_list":["post-854","page","type-page","status-publish","hentry"],"yoast_head":"<!-- This site is optimized with the Yoast SEO plugin v25.1 - https:\/\/yoast.com\/wordpress\/plugins\/seo\/ -->\n<title>GIS-ABLE - ONG EXCELENCIA<\/title>\n<meta name=\"robots\" content=\"index, follow, max-snippet:-1, max-image-preview:large, max-video-preview:-1\" \/>\n<link rel=\"canonical\" href=\"https:\/\/excelencia-org.com\/web\/gis-able\/\" \/>\n<meta property=\"og:locale\" content=\"fr_FR\" \/>\n<meta property=\"og:type\" content=\"article\" \/>\n<meta property=\"og:title\" content=\"GIS-ABLE - ONG EXCELENCIA\" \/>\n<meta property=\"og:url\" content=\"https:\/\/excelencia-org.com\/web\/gis-able\/\" \/>\n<meta property=\"og:site_name\" content=\"ONG EXCELENCIA\" \/>\n<meta property=\"article:publisher\" content=\"https:\/\/web.facebook.com\/EXCELENCIAONG?ref=br_rs\" \/>\n<meta property=\"article:modified_time\" content=\"2019-05-18T14:50:30+00:00\" \/>\n<meta name=\"twitter:card\" content=\"summary_large_image\" \/>\n<meta name=\"twitter:site\" content=\"@ongexcelencia\" \/>\n<meta name=\"twitter:label1\" content=\"Dur\u00e9e de lecture estim\u00e9e\" \/>\n\t<meta name=\"twitter:data1\" content=\"1 minute\" \/>\n<script type=\"application\/ld+json\" class=\"yoast-schema-graph\">{\"@context\":\"https:\/\/schema.org\",\"@graph\":[{\"@type\":\"WebPage\",\"@id\":\"https:\/\/excelencia-org.com\/web\/gis-able\/\",\"url\":\"https:\/\/excelencia-org.com\/web\/gis-able\/\",\"name\":\"GIS-ABLE - ONG EXCELENCIA\",\"isPartOf\":{\"@id\":\"https:\/\/excelencia-org.com\/web\/#website\"},\"datePublished\":\"2017-12-08T21:52:38+00:00\",\"dateModified\":\"2019-05-18T14:50:30+00:00\",\"breadcrumb\":{\"@id\":\"https:\/\/excelencia-org.com\/web\/gis-able\/#breadcrumb\"},\"inLanguage\":\"fr-FR\",\"potentialAction\":[{\"@type\":\"ReadAction\",\"target\":[\"https:\/\/excelencia-org.com\/web\/gis-able\/\"]}]},{\"@type\":\"BreadcrumbList\",\"@id\":\"https:\/\/excelencia-org.com\/web\/gis-able\/#breadcrumb\",\"itemListElement\":[{\"@type\":\"ListItem\",\"position\":1,\"name\":\"Accueil\",\"item\":\"https:\/\/excelencia-org.com\/web\/\"},{\"@type\":\"ListItem\",\"position\":2,\"name\":\"GIS-ABLE\"}]},{\"@type\":\"WebSite\",\"@id\":\"https:\/\/excelencia-org.com\/web\/#website\",\"url\":\"https:\/\/excelencia-org.com\/web\/\",\"name\":\"ONG EXCELENCIA\",\"description\":\"Promouvoir l&#039;excellence pour Dieu\",\"potentialAction\":[{\"@type\":\"SearchAction\",\"target\":{\"@type\":\"EntryPoint\",\"urlTemplate\":\"https:\/\/excelencia-org.com\/web\/?s={search_term_string}\"},\"query-input\":{\"@type\":\"PropertyValueSpecification\",\"valueRequired\":true,\"valueName\":\"search_term_string\"}}],\"inLanguage\":\"fr-FR\"}]}<\/script>\n<!-- \/ Yoast SEO plugin. -->","yoast_head_json":{"title":"GIS-ABLE - ONG EXCELENCIA","robots":{"index":"index","follow":"follow","max-snippet":"max-snippet:-1","max-image-preview":"max-image-preview:large","max-video-preview":"max-video-preview:-1"},"canonical":"https:\/\/excelencia-org.com\/web\/gis-able\/","og_locale":"fr_FR","og_type":"article","og_title":"GIS-ABLE - ONG EXCELENCIA","og_url":"https:\/\/excelencia-org.com\/web\/gis-able\/","og_site_name":"ONG EXCELENCIA","article_publisher":"https:\/\/web.facebook.com\/EXCELENCIAONG?ref=br_rs","article_modified_time":"2019-05-18T14:50:30+00:00","twitter_card":"summary_large_image","twitter_site":"@ongexcelencia","twitter_misc":{"Dur\u00e9e de lecture estim\u00e9e":"1 minute"},"schema":{"@context":"https:\/\/schema.org","@graph":[{"@type":"WebPage","@id":"https:\/\/excelencia-org.com\/web\/gis-able\/","url":"https:\/\/excelencia-org.com\/web\/gis-able\/","name":"GIS-ABLE - ONG EXCELENCIA","isPartOf":{"@id":"https:\/\/excelencia-org.com\/web\/#website"},"datePublished":"2017-12-08T21:52:38+00:00","dateModified":"2019-05-18T14:50:30+00:00","breadcrumb":{"@id":"https:\/\/excelencia-org.com\/web\/gis-able\/#breadcrumb"},"inLanguage":"fr-FR","potentialAction":[{"@type":"ReadAction","target":["https:\/\/excelencia-org.com\/web\/gis-able\/"]}]},{"@type":"BreadcrumbList","@id":"https:\/\/excelencia-org.com\/web\/gis-able\/#breadcrumb","itemListElement":[{"@type":"ListItem","position":1,"name":"Accueil","item":"https:\/\/excelencia-org.com\/web\/"},{"@type":"ListItem","position":2,"name":"GIS-ABLE"}]},{"@type":"WebSite","@id":"https:\/\/excelencia-org.com\/web\/#website","url":"https:\/\/excelencia-org.com\/web\/","name":"ONG EXCELENCIA","description":"Promouvoir l&#039;excellence pour Dieu","potentialAction":[{"@type":"SearchAction","target":{"@type":"EntryPoint","urlTemplate":"https:\/\/excelencia-org.com\/web\/?s={search_term_string}"},"query-input":{"@type":"PropertyValueSpecification","valueRequired":true,"valueName":"search_term_string"}}],"inLanguage":"fr-FR"}]}},"post_mailing_queue_ids":[],"_links":{"self":[{"href":"https:\/\/excelencia-org.com\/web\/wp-json\/wp\/v2\/pages\/854","targetHints":{"allow":["GET"]}}],"collection":[{"href":"https:\/\/excelencia-org.com\/web\/wp-json\/wp\/v2\/pages"}],"about":[{"href":"https:\/\/excelencia-org.com\/web\/wp-json\/wp\/v2\/types\/page"}],"author":[{"embeddable":true,"href":"https:\/\/excelencia-org.com\/web\/wp-json\/wp\/v2\/users\/1"}],"replies":[{"embeddable":true,"href":"https:\/\/excelencia-org.com\/web\/wp-json\/wp\/v2\/comments?post=854"}],"version-history":[{"count":7,"href":"https:\/\/excelencia-org.com\/web\/wp-json\/wp\/v2\/pages\/854\/revisions"}],"predecessor-version":[{"id":1320,"href":"https:\/\/excelencia-org.com\/web\/wp-json\/wp\/v2\/pages\/854\/revisions\/1320"}],"wp:attachment":[{"href":"https:\/\/excelencia-org.com\/web\/wp-json\/wp\/v2\/media?parent=854"}],"curies":[{"name":"wp","href":"https:\/\/api.w.org\/{rel}","templated":true}]}}