{"id":945,"date":"2017-12-09T01:39:55","date_gmt":"2017-12-09T00:39:55","guid":{"rendered":"https:\/\/excelencia-org.com\/web\/\/?page_id=945"},"modified":"2019-05-18T16:50:29","modified_gmt":"2019-05-18T14:50:29","slug":"adoracion","status":"publish","type":"page","link":"https:\/\/excelencia-org.com\/web\/adoracion\/","title":{"rendered":"ADORACI\u00d3N"},"content":{"rendered":"<div id=\"td_uid_1_6a0526c8a6088\" class=\"tdc-row stretch_row_content_no_space td-stretch-content\"><div class=\"vc_row td_uid_1_6a0526c8a608d_rand  wpb_row td-pb-row\" ><div class=\"vc_column td_uid_2_6a0526c8a60fc_rand  wpb_column vc_column_container td-pb-span12\"><div class=\"wpb_wrapper\"><div class=\"td_block_wrap td_block_text_with_title td_uid_3_6a0526c8a62e1_rand td-pb-border-top td_block_template_1\"  data-td-block-uid=\"td_uid_3_6a0526c8a62e1\" >\n<style>\n\n\/* inline tdc_css att *\/\n\n.td_uid_3_6a0526c8a62e1_rand{\nborder-style:inset !important;\nborder-color:#888888 !important;\nborder-width:0 !important;\n}\n\n<\/style><div class=\"td_mod_wrap td-pb-padding-side\"><h1 style=\"text-align: center;\"><span style=\"color: #800080;\"><strong>ADORACI\u00d3N<\/strong><\/span><\/h1><div style=\"text-align: justify;\"><strong><span style=\"color: #800080;\">\u00ab<\/span><span style=\"color: #deb923;\">Mais l\u2019heure vient, et elle est d\u00e9j\u00e0 venue, o\u00f9 les vrais adorateurs adoreront le P\u00e8re en esprit et en v\u00e9rit\u00e9\u00a0;<\/span><\/strong><\/div><div style=\"text-align: justify;\"><strong><span style=\"color: #deb923;\"> car ce sont l\u00e0 les adorateurs que le P\u00e8re demande. Dieu est Esprit, et il faut que ceux qui l\u2019adorent, l\u2019adorent en esprit et en v\u00e9rit\u00e9<\/span><span style=\"color: #800080;\">\u00a0\u00bb<\/span> <em>Jean 4:23-24<\/em><\/strong><\/div><div style=\"text-align: justify;\"><br \/><span style=\"color: #800080;\"><strong>Par ces rencontres, nous projetons, par une communion exemplaire avec le Seigneur J\u00e9sus-Christ, conduire le peuple de Dieu dans le lieu tr\u00e8s saint pour l\u2019adorer. Ces moments qui se tiendront en plusieurs \u00e9ditions sur l\u2019ann\u00e9e seront d\u00e9di\u00e9s sp\u00e9cialement \u00e0 l\u2019adoration et la louange.<\/strong><\/span><\/div><\/div><\/div><\/div><\/div><\/div><\/div><div id=\"td_uid_3_6a0526c8a7407\" class=\"tdc-row stretch_row\"><div class=\"vc_row td_uid_4_6a0526c8a740a_rand  wpb_row td-pb-row\" ><div class=\"vc_column td_uid_5_6a0526c8a746a_rand  wpb_column vc_column_container td-pb-span12\"><div class=\"wpb_wrapper\"><div class=\"td_block_wrap td_block_14 td_uid_6_6a0526c8a7739_rand td-pb-full-cell td-pb-border-top td_block_template_1\"  data-td-block-uid=\"td_uid_6_6a0526c8a7739\" ><script>var block_td_uid_6_6a0526c8a7739 = new tdBlock();\nblock_td_uid_6_6a0526c8a7739.id = \"td_uid_6_6a0526c8a7739\";\nblock_td_uid_6_6a0526c8a7739.atts = '{\"limit\":5,\"sort\":\"\",\"post_ids\":\"\",\"tag_slug\":\"\",\"autors_id\":\"\",\"installed_post_types\":\"\",\"category_id\":\"63\",\"category_ids\":\"\",\"custom_title\":\"\",\"custom_url\":\"\",\"show_child_cat\":\"\",\"sub_cat_ajax\":\"\",\"ajax_pagination\":\"\",\"header_color\":\"\",\"header_text_color\":\"\",\"ajax_pagination_infinite_stop\":\"\",\"td_column_number\":3,\"td_ajax_preloading\":\"\",\"td_ajax_filter_type\":\"\",\"td_ajax_filter_ids\":\"\",\"td_filter_default_txt\":\"Tous\",\"color_preset\":\"\",\"border_top\":\"\",\"class\":\"td_uid_6_6a0526c8a7739_rand\",\"el_class\":\"\",\"offset\":\"\",\"css\":\"\",\"tdc_css\":\"\",\"tdc_css_class\":\"td_uid_6_6a0526c8a7739_rand\",\"tdc_css_class_style\":\"td_uid_6_6a0526c8a7739_rand_style\",\"live_filter\":\"\",\"live_filter_cur_post_id\":\"\",\"live_filter_cur_post_author\":\"\",\"block_template_id\":\"\"}';\nblock_td_uid_6_6a0526c8a7739.td_column_number = \"3\";\nblock_td_uid_6_6a0526c8a7739.block_type = \"td_block_14\";\nblock_td_uid_6_6a0526c8a7739.post_count = \"4\";\nblock_td_uid_6_6a0526c8a7739.found_posts = \"4\";\nblock_td_uid_6_6a0526c8a7739.header_color = \"\";\nblock_td_uid_6_6a0526c8a7739.ajax_pagination_infinite_stop = \"\";\nblock_td_uid_6_6a0526c8a7739.max_num_pages = \"1\";\ntdBlocksArray.push(block_td_uid_6_6a0526c8a7739);\n<\/script><div id=td_uid_6_6a0526c8a7739 class=\"td_block_inner td-column-3\">\n\n\t<div class=\"td-block-row\">\n\n\t<div class=\"td-block-span4\">\n\r\n    <div class=\"td_module_mx1 td_module_wrap td-animation-stack\">\r\n        <div class=\"td-block14-border\"><\/div>\r\n        <div class=\"td-module-thumb\"><a href=\"https:\/\/excelencia-org.com\/web\/adoracion-2016\/\" rel=\"bookmark\" title=\"ADORACI\u00d3N 2016 \u00ab\u00a0EGLISE DES ASSEMBLEES DE DIEU Yopougon Gare\u00a0\u00bb\"><img loading=\"lazy\" decoding=\"async\" width=\"341\" height=\"220\" class=\"entry-thumb\" src=\"https:\/\/excelencia-org.com\/web\/wp-content\/uploads\/2017\/11\/ac-341x220.jpg\" srcset=\"https:\/\/excelencia-org.com\/web\/wp-content\/uploads\/2017\/11\/ac-341x220.jpg 341w, https:\/\/excelencia-org.com\/web\/wp-content\/uploads\/2017\/11\/ac-300x194.jpg 300w, https:\/\/excelencia-org.com\/web\/wp-content\/uploads\/2017\/11\/ac-768x494.jpg 768w, https:\/\/excelencia-org.com\/web\/wp-content\/uploads\/2017\/11\/ac-1024x659.jpg 1024w, https:\/\/excelencia-org.com\/web\/wp-content\/uploads\/2017\/11\/ac-653x420.jpg 653w, https:\/\/excelencia-org.com\/web\/wp-content\/uploads\/2017\/11\/ac-640x412.jpg 640w, https:\/\/excelencia-org.com\/web\/wp-content\/uploads\/2017\/11\/ac-681x438.jpg 681w, https:\/\/excelencia-org.com\/web\/wp-content\/uploads\/2017\/11\/ac.jpg 1240w\" sizes=\"auto, (max-width: 341px) 100vw, 341px\" alt=\"\" title=\"ADORACI\u00d3N 2016 \u00ab\u00a0EGLISE DES ASSEMBLEES DE DIEU Yopougon Gare\u00a0\u00bb\"\/><\/a><\/div>\r\n        <div class=\"meta-info\">\r\n            <h3 class=\"entry-title td-module-title\"><a href=\"https:\/\/excelencia-org.com\/web\/adoracion-2016\/\" rel=\"bookmark\" title=\"ADORACI\u00d3N 2016 \u00ab\u00a0EGLISE DES ASSEMBLEES DE DIEU Yopougon Gare\u00a0\u00bb\">ADORACI\u00d3N 2016 \u00ab\u00a0EGLISE DES ASSEMBLEES DE DIEU Yopougon Gare\u00a0\u00bb<\/a><\/h3>            <div class=\"td-editor-date\">\r\n                                <span class=\"td-post-author-name\"><a href=\"https:\/\/excelencia-org.com\/web\/author\/ongexcelencia\/\">EXCELENCIA-ORG<\/a> <span>-<\/span> <\/span>                <span class=\"td-post-date\"><time class=\"entry-date updated td-module-date\" datetime=\"2016-09-09T18:06:24+00:00\" >9 septembre 2016<\/time><\/span>            <\/div>\r\n        <\/div>\r\n\r\n    <\/div>\r\n\r\n    \n\t<\/div> <!-- .\/td-block-span4 -->\n\n\t<div class=\"td-block-span4\">\n\r\n    <div class=\"td_module_mx1 td_module_wrap td-animation-stack\">\r\n        <div class=\"td-block14-border\"><\/div>\r\n        <div class=\"td-module-thumb\"><a href=\"https:\/\/excelencia-org.com\/web\/adoracion-2014-3eme-edition-2\/\" rel=\"bookmark\" title=\"ADORACI\u00d3N 2014 3\u00e8me EDITION \u00ab\u00a0EGLISE FOURSQUARE SIDECI\u00a0\u00bb\"><img loading=\"lazy\" decoding=\"async\" width=\"341\" height=\"220\" class=\"entry-thumb\" src=\"https:\/\/excelencia-org.com\/web\/wp-content\/uploads\/2018\/01\/102-ADORACIO\u0301N-2014-3e\u0300me-Edition-341x220.jpg\" srcset=\"https:\/\/excelencia-org.com\/web\/wp-content\/uploads\/2018\/01\/102-ADORACIO\u0301N-2014-3e\u0300me-Edition-341x220.jpg 341w, https:\/\/excelencia-org.com\/web\/wp-content\/uploads\/2018\/01\/102-ADORACIO\u0301N-2014-3e\u0300me-Edition-300x194.jpg 300w\" sizes=\"auto, (max-width: 341px) 100vw, 341px\" alt=\"\" title=\"ADORACI\u00d3N 2014 3\u00e8me EDITION \u00ab\u00a0EGLISE FOURSQUARE SIDECI\u00a0\u00bb\"\/><\/a><\/div>\r\n        <div class=\"meta-info\">\r\n            <h3 class=\"entry-title td-module-title\"><a href=\"https:\/\/excelencia-org.com\/web\/adoracion-2014-3eme-edition-2\/\" rel=\"bookmark\" title=\"ADORACI\u00d3N 2014 3\u00e8me EDITION \u00ab\u00a0EGLISE FOURSQUARE SIDECI\u00a0\u00bb\">ADORACI\u00d3N 2014 3\u00e8me EDITION \u00ab\u00a0EGLISE FOURSQUARE SIDECI\u00a0\u00bb<\/a><\/h3>            <div class=\"td-editor-date\">\r\n                                <span class=\"td-post-author-name\"><a href=\"https:\/\/excelencia-org.com\/web\/author\/ongexcelencia\/\">EXCELENCIA-ORG<\/a> <span>-<\/span> <\/span>                <span class=\"td-post-date\"><time class=\"entry-date updated td-module-date\" datetime=\"2014-10-19T16:00:49+00:00\" >19 octobre 2014<\/time><\/span>            <\/div>\r\n        <\/div>\r\n\r\n    <\/div>\r\n\r\n    \n\t<\/div> <!-- .\/td-block-span4 -->\n\n\t<div class=\"td-block-span4\">\n\r\n    <div class=\"td_module_mx1 td_module_wrap td-animation-stack\">\r\n        <div class=\"td-block14-border\"><\/div>\r\n        <div class=\"td-module-thumb\"><a href=\"https:\/\/excelencia-org.com\/web\/adoracion-2014-2eme-edition\/\" rel=\"bookmark\" title=\"ADORACI\u00d3N 2014 2\u00e8me EDITION \u00ab\u00a0EGLISE DES ASSEMBLEES DE DIEU  TOITS ROUGES\u00a0\u00bb\"><img loading=\"lazy\" decoding=\"async\" width=\"341\" height=\"220\" class=\"entry-thumb\" src=\"https:\/\/excelencia-org.com\/web\/wp-content\/uploads\/2018\/01\/IMG_9146-341x220.jpg\" srcset=\"https:\/\/excelencia-org.com\/web\/wp-content\/uploads\/2018\/01\/IMG_9146-341x220.jpg 341w, https:\/\/excelencia-org.com\/web\/wp-content\/uploads\/2018\/01\/IMG_9146-300x194.jpg 300w\" sizes=\"auto, (max-width: 341px) 100vw, 341px\" alt=\"\" title=\"ADORACI\u00d3N 2014 2\u00e8me EDITION \u00ab\u00a0EGLISE DES ASSEMBLEES DE DIEU  TOITS ROUGES\u00a0\u00bb\"\/><\/a><\/div>\r\n        <div class=\"meta-info\">\r\n            <h3 class=\"entry-title td-module-title\"><a href=\"https:\/\/excelencia-org.com\/web\/adoracion-2014-2eme-edition\/\" rel=\"bookmark\" title=\"ADORACI\u00d3N 2014 2\u00e8me EDITION \u00ab\u00a0EGLISE DES ASSEMBLEES DE DIEU  TOITS ROUGES\u00a0\u00bb\">ADORACI\u00d3N 2014 2\u00e8me EDITION \u00ab\u00a0EGLISE DES ASSEMBLEES DE DIEU  TOITS ROUGES\u00a0\u00bb<\/a><\/h3>            <div class=\"td-editor-date\">\r\n                                <span class=\"td-post-author-name\"><a href=\"https:\/\/excelencia-org.com\/web\/author\/ongexcelencia\/\">EXCELENCIA-ORG<\/a> <span>-<\/span> <\/span>                <span class=\"td-post-date\"><time class=\"entry-date updated td-module-date\" datetime=\"2014-06-22T09:00:26+00:00\" >22 juin 2014<\/time><\/span>            <\/div>\r\n        <\/div>\r\n\r\n    <\/div>\r\n\r\n    \n\t<\/div> <!-- .\/td-block-span4 --><\/div><!--.\/row-fluid-->\n\n\t<div class=\"td-block-row\">\n\n\t<div class=\"td-block-span4\">\n\r\n    <div class=\"td_module_mx1 td_module_wrap td-animation-stack\">\r\n        <div class=\"td-block14-border\"><\/div>\r\n        <div class=\"td-module-thumb\"><a href=\"https:\/\/excelencia-org.com\/web\/adoracion-2014-1ere-edition-2\/\" rel=\"bookmark\" title=\"ADORACI\u00d3N 2014 1\u00e8re EDITION \u00ab\u00a0EGLISE DES ASSEMBLEES DE DIEU NIANGON SUD\u00a0\u00bb\"><img loading=\"lazy\" decoding=\"async\" width=\"341\" height=\"220\" class=\"entry-thumb\" src=\"https:\/\/excelencia-org.com\/web\/wp-content\/uploads\/2018\/01\/IMG_0639-341x220.jpg\" srcset=\"https:\/\/excelencia-org.com\/web\/wp-content\/uploads\/2018\/01\/IMG_0639-341x220.jpg 341w, https:\/\/excelencia-org.com\/web\/wp-content\/uploads\/2018\/01\/IMG_0639-300x194.jpg 300w\" sizes=\"auto, (max-width: 341px) 100vw, 341px\" alt=\"\" title=\"ADORACI\u00d3N 2014 1\u00e8re EDITION \u00ab\u00a0EGLISE DES ASSEMBLEES DE DIEU NIANGON SUD\u00a0\u00bb\"\/><\/a><\/div>\r\n        <div class=\"meta-info\">\r\n            <h3 class=\"entry-title td-module-title\"><a href=\"https:\/\/excelencia-org.com\/web\/adoracion-2014-1ere-edition-2\/\" rel=\"bookmark\" title=\"ADORACI\u00d3N 2014 1\u00e8re EDITION \u00ab\u00a0EGLISE DES ASSEMBLEES DE DIEU NIANGON SUD\u00a0\u00bb\">ADORACI\u00d3N 2014 1\u00e8re EDITION \u00ab\u00a0EGLISE DES ASSEMBLEES DE DIEU NIANGON SUD\u00a0\u00bb<\/a><\/h3>            <div class=\"td-editor-date\">\r\n                                <span class=\"td-post-author-name\"><a href=\"https:\/\/excelencia-org.com\/web\/author\/ongexcelencia\/\">EXCELENCIA-ORG<\/a> <span>-<\/span> <\/span>                <span class=\"td-post-date\"><time class=\"entry-date updated td-module-date\" datetime=\"2014-03-23T16:03:17+00:00\" >23 mars 2014<\/time><\/span>            <\/div>\r\n        <\/div>\r\n\r\n    <\/div>\r\n\r\n    \n\t<\/div> <!-- .\/td-block-span4 --><\/div><!--.\/row-fluid--><\/div><\/div> <!-- .\/block --><\/div><\/div><\/div><\/div>","protected":false},"excerpt":{"rendered":"","protected":false},"author":1,"featured_media":0,"parent":0,"menu_order":0,"comment_status":"closed","ping_status":"closed","template":"","meta":{"footnotes":""},"class_list":["post-945","page","type-page","status-publish","hentry"],"yoast_head":"<!-- This site is optimized with the Yoast SEO plugin v25.1 - https:\/\/yoast.com\/wordpress\/plugins\/seo\/ -->\n<title>ADORACI\u00d3N - ONG EXCELENCIA<\/title>\n<meta name=\"robots\" content=\"index, follow, max-snippet:-1, max-image-preview:large, max-video-preview:-1\" \/>\n<link rel=\"canonical\" href=\"https:\/\/excelencia-org.com\/web\/adoracion\/\" \/>\n<meta property=\"og:locale\" content=\"fr_FR\" \/>\n<meta property=\"og:type\" content=\"article\" \/>\n<meta property=\"og:title\" content=\"ADORACI\u00d3N - ONG EXCELENCIA\" \/>\n<meta property=\"og:url\" content=\"https:\/\/excelencia-org.com\/web\/adoracion\/\" \/>\n<meta property=\"og:site_name\" content=\"ONG EXCELENCIA\" \/>\n<meta property=\"article:publisher\" content=\"https:\/\/web.facebook.com\/EXCELENCIAONG?ref=br_rs\" \/>\n<meta property=\"article:modified_time\" content=\"2019-05-18T14:50:29+00:00\" \/>\n<meta name=\"twitter:card\" content=\"summary_large_image\" \/>\n<meta name=\"twitter:site\" content=\"@ongexcelencia\" \/>\n<meta name=\"twitter:label1\" content=\"Dur\u00e9e de lecture estim\u00e9e\" \/>\n\t<meta name=\"twitter:data1\" content=\"1 minute\" \/>\n<script type=\"application\/ld+json\" class=\"yoast-schema-graph\">{\"@context\":\"https:\/\/schema.org\",\"@graph\":[{\"@type\":\"WebPage\",\"@id\":\"https:\/\/excelencia-org.com\/web\/adoracion\/\",\"url\":\"https:\/\/excelencia-org.com\/web\/adoracion\/\",\"name\":\"ADORACI\u00d3N - ONG EXCELENCIA\",\"isPartOf\":{\"@id\":\"https:\/\/excelencia-org.com\/web\/#website\"},\"datePublished\":\"2017-12-09T00:39:55+00:00\",\"dateModified\":\"2019-05-18T14:50:29+00:00\",\"breadcrumb\":{\"@id\":\"https:\/\/excelencia-org.com\/web\/adoracion\/#breadcrumb\"},\"inLanguage\":\"fr-FR\",\"potentialAction\":[{\"@type\":\"ReadAction\",\"target\":[\"https:\/\/excelencia-org.com\/web\/adoracion\/\"]}]},{\"@type\":\"BreadcrumbList\",\"@id\":\"https:\/\/excelencia-org.com\/web\/adoracion\/#breadcrumb\",\"itemListElement\":[{\"@type\":\"ListItem\",\"position\":1,\"name\":\"Accueil\",\"item\":\"https:\/\/excelencia-org.com\/web\/\"},{\"@type\":\"ListItem\",\"position\":2,\"name\":\"ADORACI\u00d3N\"}]},{\"@type\":\"WebSite\",\"@id\":\"https:\/\/excelencia-org.com\/web\/#website\",\"url\":\"https:\/\/excelencia-org.com\/web\/\",\"name\":\"ONG EXCELENCIA\",\"description\":\"Promouvoir l&#039;excellence pour Dieu\",\"potentialAction\":[{\"@type\":\"SearchAction\",\"target\":{\"@type\":\"EntryPoint\",\"urlTemplate\":\"https:\/\/excelencia-org.com\/web\/?s={search_term_string}\"},\"query-input\":{\"@type\":\"PropertyValueSpecification\",\"valueRequired\":true,\"valueName\":\"search_term_string\"}}],\"inLanguage\":\"fr-FR\"}]}<\/script>\n<!-- \/ Yoast SEO plugin. -->","yoast_head_json":{"title":"ADORACI\u00d3N - ONG EXCELENCIA","robots":{"index":"index","follow":"follow","max-snippet":"max-snippet:-1","max-image-preview":"max-image-preview:large","max-video-preview":"max-video-preview:-1"},"canonical":"https:\/\/excelencia-org.com\/web\/adoracion\/","og_locale":"fr_FR","og_type":"article","og_title":"ADORACI\u00d3N - ONG EXCELENCIA","og_url":"https:\/\/excelencia-org.com\/web\/adoracion\/","og_site_name":"ONG EXCELENCIA","article_publisher":"https:\/\/web.facebook.com\/EXCELENCIAONG?ref=br_rs","article_modified_time":"2019-05-18T14:50:29+00:00","twitter_card":"summary_large_image","twitter_site":"@ongexcelencia","twitter_misc":{"Dur\u00e9e de lecture estim\u00e9e":"1 minute"},"schema":{"@context":"https:\/\/schema.org","@graph":[{"@type":"WebPage","@id":"https:\/\/excelencia-org.com\/web\/adoracion\/","url":"https:\/\/excelencia-org.com\/web\/adoracion\/","name":"ADORACI\u00d3N - ONG EXCELENCIA","isPartOf":{"@id":"https:\/\/excelencia-org.com\/web\/#website"},"datePublished":"2017-12-09T00:39:55+00:00","dateModified":"2019-05-18T14:50:29+00:00","breadcrumb":{"@id":"https:\/\/excelencia-org.com\/web\/adoracion\/#breadcrumb"},"inLanguage":"fr-FR","potentialAction":[{"@type":"ReadAction","target":["https:\/\/excelencia-org.com\/web\/adoracion\/"]}]},{"@type":"BreadcrumbList","@id":"https:\/\/excelencia-org.com\/web\/adoracion\/#breadcrumb","itemListElement":[{"@type":"ListItem","position":1,"name":"Accueil","item":"https:\/\/excelencia-org.com\/web\/"},{"@type":"ListItem","position":2,"name":"ADORACI\u00d3N"}]},{"@type":"WebSite","@id":"https:\/\/excelencia-org.com\/web\/#website","url":"https:\/\/excelencia-org.com\/web\/","name":"ONG EXCELENCIA","description":"Promouvoir l&#039;excellence pour Dieu","potentialAction":[{"@type":"SearchAction","target":{"@type":"EntryPoint","urlTemplate":"https:\/\/excelencia-org.com\/web\/?s={search_term_string}"},"query-input":{"@type":"PropertyValueSpecification","valueRequired":true,"valueName":"search_term_string"}}],"inLanguage":"fr-FR"}]}},"post_mailing_queue_ids":[],"_links":{"self":[{"href":"https:\/\/excelencia-org.com\/web\/wp-json\/wp\/v2\/pages\/945","targetHints":{"allow":["GET"]}}],"collection":[{"href":"https:\/\/excelencia-org.com\/web\/wp-json\/wp\/v2\/pages"}],"about":[{"href":"https:\/\/excelencia-org.com\/web\/wp-json\/wp\/v2\/types\/page"}],"author":[{"embeddable":true,"href":"https:\/\/excelencia-org.com\/web\/wp-json\/wp\/v2\/users\/1"}],"replies":[{"embeddable":true,"href":"https:\/\/excelencia-org.com\/web\/wp-json\/wp\/v2\/comments?post=945"}],"version-history":[{"count":8,"href":"https:\/\/excelencia-org.com\/web\/wp-json\/wp\/v2\/pages\/945\/revisions"}],"predecessor-version":[{"id":1317,"href":"https:\/\/excelencia-org.com\/web\/wp-json\/wp\/v2\/pages\/945\/revisions\/1317"}],"wp:attachment":[{"href":"https:\/\/excelencia-org.com\/web\/wp-json\/wp\/v2\/media?parent=945"}],"curies":[{"name":"wp","href":"https:\/\/api.w.org\/{rel}","templated":true}]}}